{"id":115,"date":"2021-02-23T21:22:49","date_gmt":"2021-02-23T21:22:49","guid":{"rendered":"https:\/\/skillsparana.com.ar\/?page_id=115"},"modified":"2025-02-18T18:46:33","modified_gmt":"2025-02-18T21:46:33","slug":"instituto","status":"publish","type":"page","link":"https:\/\/skillsparana.com.ar\/index.php\/instituto\/","title":{"rendered":"Instituto"},"content":{"rendered":"\t\t<div data-elementor-type=\"wp-page\" data-elementor-id=\"115\" class=\"elementor elementor-115\" data-elementor-settings=\"[]\">\n\t\t\t\t\t\t\t<div class=\"elementor-section-wrap\">\n\t\t\t\t\t\t\t<section class=\"elementor-section elementor-top-section elementor-element elementor-element-963dc70 elementor-section-boxed elementor-section-height-default elementor-section-height-default\" data-id=\"963dc70\" data-element_type=\"section\">\n\t\t\t\t\t\t<div class=\"elementor-container elementor-column-gap-default\">\n\t\t\t\t\t<div class=\"elementor-column elementor-col-100 elementor-top-column elementor-element elementor-element-f715fff\" data-id=\"f715fff\" data-element_type=\"column\">\n\t\t\t<div class=\"elementor-widget-wrap elementor-element-populated\">\n\t\t\t\t\t\t\t\t<div class=\"elementor-element elementor-element-ee3ef01 elementor-widget elementor-widget-heading\" data-id=\"ee3ef01\" data-element_type=\"widget\" data-widget_type=\"heading.default\">\n\t\t\t\t<div class=\"elementor-widget-container\">\n\t\t\t<h1 class=\"elementor-heading-title elementor-size-default\">Nuestro hogar<\/h1>\t\t<\/div>\n\t\t\t\t<\/div>\n\t\t\t\t\t<\/div>\n\t\t<\/div>\n\t\t\t\t\t\t\t<\/div>\n\t\t<\/section>\n\t\t\t\t<section class=\"elementor-section elementor-top-section elementor-element elementor-element-e899fca elementor-section-boxed elementor-section-height-default elementor-section-height-default\" data-id=\"e899fca\" data-element_type=\"section\">\n\t\t\t\t\t\t<div class=\"elementor-container elementor-column-gap-default\">\n\t\t\t\t\t<div class=\"elementor-column elementor-col-100 elementor-top-column elementor-element elementor-element-a21fc18\" data-id=\"a21fc18\" data-element_type=\"column\">\n\t\t\t<div class=\"elementor-widget-wrap elementor-element-populated\">\n\t\t\t\t\t\t\t\t<div class=\"elementor-element elementor-element-f950253 elementor-widget elementor-widget-image\" data-id=\"f950253\" data-element_type=\"widget\" data-widget_type=\"image.default\">\n\t\t\t\t<div class=\"elementor-widget-container\">\n\t\t\t\t\t<div class=\"elementor-image\">\n\t\t\t\t\t\t\t\t\t\t<img width=\"1990\" height=\"1182\" src=\"https:\/\/skillsparana.com.ar\/wp-content\/uploads\/2024\/12\/20241212_184933-scaled-e1734388286569.jpg\" class=\"attachment-full size-full\" alt=\"administraci\u00f3n del instituto skills\" loading=\"lazy\" srcset=\"https:\/\/skillsparana.com.ar\/wp-content\/uploads\/2024\/12\/20241212_184933-scaled-e1734388286569.jpg 1990w, https:\/\/skillsparana.com.ar\/wp-content\/uploads\/2024\/12\/20241212_184933-scaled-e1734388286569-300x178.jpg 300w, https:\/\/skillsparana.com.ar\/wp-content\/uploads\/2024\/12\/20241212_184933-scaled-e1734388286569-1024x608.jpg 1024w, https:\/\/skillsparana.com.ar\/wp-content\/uploads\/2024\/12\/20241212_184933-scaled-e1734388286569-768x456.jpg 768w, https:\/\/skillsparana.com.ar\/wp-content\/uploads\/2024\/12\/20241212_184933-scaled-e1734388286569-1536x912.jpg 1536w\" sizes=\"(max-width: 1990px) 100vw, 1990px\" \/>\t\t\t\t\t\t\t\t\t\t\t<\/div>\n\t\t\t\t<\/div>\n\t\t\t\t<\/div>\n\t\t\t\t<div class=\"elementor-element elementor-element-2790d4c elementor-widget elementor-widget-text-editor\" data-id=\"2790d4c\" data-element_type=\"widget\" data-widget_type=\"text-editor.default\">\n\t\t\t\t<div class=\"elementor-widget-container\">\n\t\t\t\t\t<div class=\"elementor-text-editor elementor-clearfix\"><p>M\u00e1s de 30 a\u00f1os ense\u00f1ando ingl\u00e9s con calidez, dedicaci\u00f3n y vocaci\u00f3n, brindando a cada alumno una atenci\u00f3n personalizada.<br data-start=\"119\" data-end=\"122\" \/>Ofrecemos cursos dise\u00f1ados para garantizar un aprendizaje fluido y efectivo, integrando las \u00faltimas tecnolog\u00edas para potenciar el rendimiento de nuestros estudiantes.<\/p><p>\u00a0<\/p><p data-start=\"0\" data-end=\"89\">Nuestra misi\u00f3n es que todos los alumnos que han confiado en nuestra instituci\u00f3n logren:<\/p><ul data-start=\"91\" data-end=\"792\" data-is-last-node=\"\"><li data-start=\"91\" data-end=\"197\">Alcanzar un nivel de ingl\u00e9s oral y escrito de excelencia, alineado con los est\u00e1ndares internacionales.<\/li><li data-start=\"198\" data-end=\"343\">Adquirir una herramienta valiosa y esencial para destacarse en el mercado laboral y disfrutar plenamente de viajes y experiencias personales.<\/li><li data-start=\"344\" data-end=\"433\">Cumplir con las expectativas de alumnos y padres, brindando una educaci\u00f3n de calidad.<\/li><li data-start=\"434\" data-end=\"528\">Crear un ambiente acogedor y estimulante, donde aprender sea una experiencia gratificante.<\/li><li data-start=\"529\" data-end=\"660\">Fomentar la integraci\u00f3n entre alumnos, docentes y sus familias, promoviendo el aprendizaje colaborativo y el trabajo en equipo.<\/li><li data-start=\"661\" data-end=\"792\" data-is-last-node=\"\">Mantener un cuerpo docente actualizado y comprometido con nuestros principios y con el desarrollo integral de nuestros alumnos.<\/li><\/ul><\/div>\n\t\t\t\t<\/div>\n\t\t\t\t<\/div>\n\t\t\t\t<div class=\"elementor-element elementor-element-28f7600 elementor-widget elementor-widget-text-editor\" data-id=\"28f7600\" data-element_type=\"widget\" data-widget_type=\"text-editor.default\">\n\t\t\t\t<div class=\"elementor-widget-container\">\n\t\t\t\t\t<div class=\"elementor-text-editor elementor-clearfix\"><p>Directoras: <strong>Mar\u00eda Emma Darchez <\/strong>y<strong> Graciela Marchetto<br \/><\/strong><\/p><\/div>\n\t\t\t\t<\/div>\n\t\t\t\t<\/div>\n\t\t\t\t\t<\/div>\n\t\t<\/div>\n\t\t\t\t\t\t\t<\/div>\n\t\t<\/section>\n\t\t\t\t\t\t<\/div>\n\t\t\t\t\t<\/div>\n\t\t","protected":false},"excerpt":{"rendered":"<p>Nuestro hogar M\u00e1s de 30 a\u00f1os ense\u00f1ando ingl\u00e9s con calidez, dedicaci\u00f3n y vocaci\u00f3n, brindando a cada alumno una atenci\u00f3n personalizada.Ofrecemos cursos dise\u00f1ados para garantizar un aprendizaje fluido y efectivo, integrando las \u00faltimas tecnolog\u00edas para potenciar el rendimiento de nuestros estudiantes. \u00a0 Nuestra misi\u00f3n es que todos los alumnos que han confiado en nuestra instituci\u00f3n logren: &hellip;<\/p>\n<p class=\"read-more\"> <a class=\"\" href=\"https:\/\/skillsparana.com.ar\/index.php\/instituto\/\"> <span class=\"screen-reader-text\">Instituto<\/span> Leer m\u00e1s &raquo;<\/a><\/p>\n","protected":false},"author":1,"featured_media":0,"parent":0,"menu_order":1,"comment_status":"closed","ping_status":"closed","template":"","meta":[],"yoast_head":"<!-- This site is optimized with the Yoast SEO plugin v15.9 - https:\/\/yoast.com\/wordpress\/plugins\/seo\/ -->\n<title>Instituto - Instituto Skills<\/title>\n<meta name=\"robots\" content=\"index, follow, max-snippet:-1, max-image-preview:large, max-video-preview:-1\" \/>\n<link rel=\"canonical\" href=\"https:\/\/skillsparana.com.ar\/index.php\/instituto\/\" \/>\n<meta property=\"og:locale\" content=\"es_ES\" \/>\n<meta property=\"og:type\" content=\"article\" \/>\n<meta property=\"og:title\" content=\"Instituto - Instituto Skills\" \/>\n<meta property=\"og:description\" content=\"Nuestro hogar M\u00e1s de 30 a\u00f1os ense\u00f1ando ingl\u00e9s con calidez, dedicaci\u00f3n y vocaci\u00f3n, brindando a cada alumno una atenci\u00f3n personalizada.Ofrecemos cursos dise\u00f1ados para garantizar un aprendizaje fluido y efectivo, integrando las \u00faltimas tecnolog\u00edas para potenciar el rendimiento de nuestros estudiantes. \u00a0 Nuestra misi\u00f3n es que todos los alumnos que han confiado en nuestra instituci\u00f3n logren: &hellip; Instituto Leer m\u00e1s &raquo;\" \/>\n<meta property=\"og:url\" content=\"https:\/\/skillsparana.com.ar\/index.php\/instituto\/\" \/>\n<meta property=\"og:site_name\" content=\"Instituto Skills\" \/>\n<meta property=\"article:modified_time\" content=\"2025-02-18T21:46:33+00:00\" \/>\n<meta property=\"og:image\" content=\"https:\/\/skillsparana.com.ar\/wp-content\/uploads\/2024\/12\/20241212_184933-scaled-e1734388286569.jpg\" \/>\n<meta name=\"twitter:card\" content=\"summary_large_image\" \/>\n<meta name=\"twitter:label1\" content=\"Tiempo de lectura\">\n\t<meta name=\"twitter:data1\" content=\"1 minuto\">\n<script type=\"application\/ld+json\" class=\"yoast-schema-graph\">{\"@context\":\"https:\/\/schema.org\",\"@graph\":[{\"@type\":\"Organization\",\"@id\":\"https:\/\/skillsparana.com.ar\/#organization\",\"name\":\"instituto de ingl\\u00e9s Skills en Paran\\u00e1\",\"url\":\"https:\/\/skillsparana.com.ar\/\",\"sameAs\":[],\"logo\":{\"@type\":\"ImageObject\",\"@id\":\"https:\/\/skillsparana.com.ar\/#logo\",\"inLanguage\":\"es\",\"url\":\"https:\/\/skillsparana.com.ar\/wp-content\/uploads\/2021\/02\/skills-logo2.png\",\"width\":2326,\"height\":1067,\"caption\":\"instituto de ingl\\u00e9s Skills en Paran\\u00e1\"},\"image\":{\"@id\":\"https:\/\/skillsparana.com.ar\/#logo\"}},{\"@type\":\"WebSite\",\"@id\":\"https:\/\/skillsparana.com.ar\/#website\",\"url\":\"https:\/\/skillsparana.com.ar\/\",\"name\":\"Instituto Skills\",\"description\":\"Instituto de ingl\\u00e9s\",\"publisher\":{\"@id\":\"https:\/\/skillsparana.com.ar\/#organization\"},\"potentialAction\":[{\"@type\":\"SearchAction\",\"target\":\"https:\/\/skillsparana.com.ar\/?s={search_term_string}\",\"query-input\":\"required name=search_term_string\"}],\"inLanguage\":\"es\"},{\"@type\":\"ImageObject\",\"@id\":\"https:\/\/skillsparana.com.ar\/index.php\/instituto\/#primaryimage\",\"inLanguage\":\"es\",\"url\":\"https:\/\/skillsparana.com.ar\/wp-content\/uploads\/2024\/12\/20241212_184933-scaled-e1734388286569.jpg\",\"width\":1990,\"height\":1182,\"caption\":\"administraci\\u00f3n del instituto skills\"},{\"@type\":\"WebPage\",\"@id\":\"https:\/\/skillsparana.com.ar\/index.php\/instituto\/#webpage\",\"url\":\"https:\/\/skillsparana.com.ar\/index.php\/instituto\/\",\"name\":\"Instituto - Instituto Skills\",\"isPartOf\":{\"@id\":\"https:\/\/skillsparana.com.ar\/#website\"},\"primaryImageOfPage\":{\"@id\":\"https:\/\/skillsparana.com.ar\/index.php\/instituto\/#primaryimage\"},\"datePublished\":\"2021-02-23T21:22:49+00:00\",\"dateModified\":\"2025-02-18T21:46:33+00:00\",\"breadcrumb\":{\"@id\":\"https:\/\/skillsparana.com.ar\/index.php\/instituto\/#breadcrumb\"},\"inLanguage\":\"es\",\"potentialAction\":[{\"@type\":\"ReadAction\",\"target\":[\"https:\/\/skillsparana.com.ar\/index.php\/instituto\/\"]}]},{\"@type\":\"BreadcrumbList\",\"@id\":\"https:\/\/skillsparana.com.ar\/index.php\/instituto\/#breadcrumb\",\"itemListElement\":[{\"@type\":\"ListItem\",\"position\":1,\"item\":{\"@type\":\"WebPage\",\"@id\":\"https:\/\/skillsparana.com.ar\/\",\"url\":\"https:\/\/skillsparana.com.ar\/\",\"name\":\"Portada\"}},{\"@type\":\"ListItem\",\"position\":2,\"item\":{\"@type\":\"WebPage\",\"@id\":\"https:\/\/skillsparana.com.ar\/index.php\/instituto\/\",\"url\":\"https:\/\/skillsparana.com.ar\/index.php\/instituto\/\",\"name\":\"Instituto\"}}]}]}<\/script>\n<!-- \/ Yoast SEO plugin. -->","_links":{"self":[{"href":"https:\/\/skillsparana.com.ar\/index.php\/wp-json\/wp\/v2\/pages\/115"}],"collection":[{"href":"https:\/\/skillsparana.com.ar\/index.php\/wp-json\/wp\/v2\/pages"}],"about":[{"href":"https:\/\/skillsparana.com.ar\/index.php\/wp-json\/wp\/v2\/types\/page"}],"author":[{"embeddable":true,"href":"https:\/\/skillsparana.com.ar\/index.php\/wp-json\/wp\/v2\/users\/1"}],"replies":[{"embeddable":true,"href":"https:\/\/skillsparana.com.ar\/index.php\/wp-json\/wp\/v2\/comments?post=115"}],"version-history":[{"count":31,"href":"https:\/\/skillsparana.com.ar\/index.php\/wp-json\/wp\/v2\/pages\/115\/revisions"}],"predecessor-version":[{"id":800,"href":"https:\/\/skillsparana.com.ar\/index.php\/wp-json\/wp\/v2\/pages\/115\/revisions\/800"}],"wp:attachment":[{"href":"https:\/\/skillsparana.com.ar\/index.php\/wp-json\/wp\/v2\/media?parent=115"}],"curies":[{"name":"wp","href":"https:\/\/api.w.org\/{rel}","templated":true}]}}